{"id":66,"date":"2024-08-29T10:21:33","date_gmt":"2024-08-29T10:21:33","guid":{"rendered":"http:\/\/mmt.ase.ro\/?page_id=66"},"modified":"2025-01-20T11:29:59","modified_gmt":"2025-01-20T11:29:59","slug":"acasa","status":"publish","type":"page","link":"https:\/\/mmt.ase.ro\/","title":{"rendered":"Acasa"},"content":{"rendered":"<div id=\"pl-66\"  class=\"panel-layout\" ><div id=\"pg-66-0\"  class=\"panel-grid panel-no-style\" ><div id=\"pgc-66-0-0\"  class=\"panel-grid-cell\" ><div id=\"panel-66-0-0-0\" class=\"so-panel widget widget_sow-editor panel-first-child\" data-index=\"0\" ><div\n\t\t\t\n\t\t\tclass=\"so-widget-sow-editor so-widget-sow-editor-base\"\n\t\t\t\n\t\t><h3 class=\"widget-title\">Despre programul de masterat Management si Marketing in Turism - Centrul teritorial Buz\u0103u<\/h3>\n<div class=\"siteorigin-widget-tinymce textwidget\">\n\t<p>Prin misiunea asumat\u0103<em>,<\/em> aceea de a transcede limitele cunoa\u015fterii \u015ftiin\u0163ifice \u00een domeniul managementului si marketingului in turism \u015fi de a preg\u0103ti speciali\u015fti de \u00eenalt\u0103 calificare \u00een domeniul practicii \u015fi al cercet\u0103rii \u00een marketingul, programul se \u00eencadreaz\u0103 \u00een coordonatele misiunii generale a A.S.E., de a crea, valorifica \u015fi disemina cuno\u015ftin\u0163e, prin dezvoltarea unui mediu de cercetare \u015fi \u00eenv\u0103\u0163\u0103m\u00e2nt bazat pe excelen\u0163\u0103, \u00een care atragerea, dezvoltarea \u015fi promovarea valorilor \u015ftiin\u0163ifice \u015fi didactice primeaz\u0103.<\/p>\n<p>Programul se desf\u0103\u0219oar\u0103 \u00een cadrul Centrului teritorial Buz\u0103u.<\/p>\n<p><a href=\"#\"><strong>Citeste mai mult<\/strong><\/a><\/p>\n<\/div>\n<\/div><\/div><div id=\"panel-66-0-0-1\" class=\"so-panel widget widget_sow-editor panel-last-child\" data-index=\"1\" ><div\n\t\t\t\n\t\t\tclass=\"so-widget-sow-editor so-widget-sow-editor-base\"\n\t\t\t\n\t\t>\n<div class=\"siteorigin-widget-tinymce textwidget\">\n\t<p style=\"text-align: center;\"><strong>ADMITERE PROGRAME UNIVERSITARE DE MASTERAT 2025<\/strong><\/p>\n<p style=\"text-align: center;\"><strong>SESIUNEA VAR\u0102 2025<\/strong><\/p>\n<p style=\"text-align: center;\"><strong><span class=\"style1\">\u00ceNSCRIERI<\/span>:<\/strong>\u00a017 \u2013 21 Iulie (J-L), luni \u2013 p\u00e2na la ora 16<sup>00<\/sup><\/p>\n<p style=\"text-align: center;\">-\u00censcrierea la concursul de admitere este realizat\u0103, exclusiv, \u00een platforma admitere.ase.ro, prin crearea unui cont personal al candidatului<\/p>\n<p style=\"text-align: center;\">Cifra de \u0219colarizare pentru anul universitar 2025 \u2013 2026 la programele de studii universitare de masterat \u2013 sesiunea IULIE:\u00a0<span style=\"color: #0000ff;\"><a style=\"color: #0000ff;\" href=\"http:\/\/mmt.ase.ro\/wp-content\/uploads\/2025\/01\/Propunere_oferta_scolarizare_masterat_iulie_2025.pdf\" target=\"_blank\" rel=\"noopener\">Vezi aici<\/a><\/span><\/p>\n<p style=\"text-align: center;\"><span style=\"color: #000000;\">Mai multe informa\u021bii despre admitere:<\/span> <span style=\"color: #0000ff;\"><a style=\"color: #0000ff;\" href=\"https:\/\/ase.ro\/admitere\/masterat\/\">https:\/\/ase.ro\/admitere\/masterat\/\u00a0<\/a><\/span><\/p>\n<p style=\"text-align: center;\"><a style=\"color: #ff0000;\" href=\"https:\/\/mmt.ase.ro\/index.php\/curricula\/curricula-2024-2026\/\" target=\"_blank\" rel=\"noopener\">Vezi curricula 2024<\/a><\/p>\n<\/div>\n<\/div><\/div><\/div><\/div><div id=\"pg-66-1\"  class=\"panel-grid panel-no-style\" ><div id=\"pgc-66-1-0\"  class=\"panel-grid-cell\" ><div id=\"panel-66-1-0-0\" class=\"so-panel widget widget_sow-editor panel-first-child panel-last-child\" data-index=\"2\" ><div\n\t\t\t\n\t\t\tclass=\"so-widget-sow-editor so-widget-sow-editor-base\"\n\t\t\t\n\t\t>\n<div class=\"siteorigin-widget-tinymce textwidget\">\n\t<p style=\"text-align: center;\"><strong>Prin parteneriatul cu companiile mondiale de tehnologie Amadeus \u015fi Travelport, absolven\u0163ii vor putea ob\u0163ine urm\u0103toarele certificate:<\/strong><\/p>\n<p>&nbsp;<\/p>\n<\/div>\n<\/div><\/div><\/div><\/div><div id=\"pg-66-2\"  class=\"panel-grid panel-no-style\" ><div id=\"pgc-66-2-0\"  class=\"panel-grid-cell\" ><div id=\"panel-66-2-0-0\" class=\"so-panel widget widget_sow-image panel-first-child panel-last-child\" data-index=\"3\" ><div\n\t\t\t\n\t\t\tclass=\"so-widget-sow-image so-widget-sow-image-default-8b5b6f678277-66\"\n\t\t\t\n\t\t>\n\n<div class=\"sow-image-container\">\n\t\t<img loading=\"lazy\" decoding=\"async\" src=\"https:\/\/mmt.ase.ro\/wp-content\/uploads\/2024\/07\/Certificat-Agent-Ticketing_Amadeus-e1721251301414.jpg\" width=\"480\" height=\"340\" sizes=\"auto, (max-width: 480px) 100vw, 480px\" title=\"Certificat Agent Ticketing_Amadeus\" alt=\"\" \t\tclass=\"so-widget-image\"\/>\n\t<\/div>\n\n<\/div><\/div><\/div><div id=\"pgc-66-2-1\"  class=\"panel-grid-cell\" ><div id=\"panel-66-2-1-0\" class=\"so-panel widget widget_sow-editor panel-first-child panel-last-child\" data-index=\"4\" ><div\n\t\t\t\n\t\t\tclass=\"so-widget-sow-editor so-widget-sow-editor-base\"\n\t\t\t\n\t\t>\n<div class=\"siteorigin-widget-tinymce textwidget\">\n\t<p>&nbsp;<\/p>\n<p style=\"text-align: center;\"><strong>Agent de ticketing<\/strong><\/p>\n<p style=\"text-align: center;\"><strong>Consultant \u00een turism<\/strong><\/p>\n<\/div>\n<\/div><\/div><\/div><div id=\"pgc-66-2-2\"  class=\"panel-grid-cell\" ><div id=\"panel-66-2-2-0\" class=\"so-panel widget widget_sow-image panel-first-child panel-last-child\" data-index=\"5\" ><div\n\t\t\t\n\t\t\tclass=\"so-widget-sow-image so-widget-sow-image-default-8b5b6f678277-66\"\n\t\t\t\n\t\t>\n\n<div class=\"sow-image-container\">\n\t\t<img loading=\"lazy\" decoding=\"async\" src=\"https:\/\/mmt.ase.ro\/wp-content\/uploads\/2024\/07\/Certificat-Consultant-Turism_Worldspan-GDS-e1721251335514.jpg\" width=\"480\" height=\"289\" sizes=\"auto, (max-width: 480px) 100vw, 480px\" title=\"Certificat Consultant Turism_Worldspan GDS\" alt=\"\" \t\tclass=\"so-widget-image\"\/>\n\t<\/div>\n\n<\/div><\/div><\/div><\/div><div id=\"pg-66-3\"  class=\"panel-grid panel-no-style\" ><div id=\"pgc-66-3-0\"  class=\"panel-grid-cell\" ><div id=\"panel-66-3-0-0\" class=\"so-panel widget widget_sow-post-carousel panel-first-child panel-last-child\" data-index=\"6\" ><div\n\t\t\t\n\t\t\tclass=\"so-widget-sow-post-carousel so-widget-sow-post-carousel-base-ad93eedad001-66\"\n\t\t\t\n\t\t>\t<div\n\t\tclass=\"sow-post-carousel-wrapper sow-post-carousel-theme-base\"\n\t\tstyle=\"overflow: hidden; max-width: 100%; min-height: 182px\"\n\t>\n\t\t<div class=\"sow-carousel-title\">\n\t\t\t<div class=\"sow-carousel-navigation \">\n\t\t\t\t\t\t<a href=\"#\" class=\"sow-carousel-next\" title=\"Next\" aria-label=\"Next Posts\" role=\"button\"><\/a>\n\t\t\t\t\t\t<a href=\"#\" class=\"sow-carousel-previous\" title=\"Previous\" aria-label=\"Previous Posts\" role=\"button\"><\/a>\n\t\t\t\t\t<\/div>\n\t<\/div>\n\n<div class=\"sow-carousel-container \">\n\t\t<div class=\"sow-carousel-wrapper\"\n\t\tdata-dir=\"ltr\"\n\t\tstyle=\"opacity: 0;\"\n\t\tdata-widget=\"post\" data-fetching=\"false\" data-page=\"1\" data-ajax-url=\"https:\/\/mmt.ase.ro\/wp-admin\/admin-ajax.php?_widgets_nonce=eb86abb5c1\" data-item_count=\"5\" data-carousel_settings=\"{&quot;loop&quot;:true,&quot;animation&quot;:&quot;Ease&quot;,&quot;animation_speed&quot;:400,&quot;autoplay&quot;:&quot;&quot;,&quot;pauseOnHover&quot;:&quot;&quot;,&quot;autoplaySpeed&quot;:8000,&quot;item_overflow&quot;:true,&quot;autoplay_continuous_scroll&quot;:false}\" data-responsive=\"{&quot;desktop_slides_to_scroll&quot;:1,&quot;tablet_landscape_breakpoint&quot;:1366,&quot;tablet_landscape_slides_to_scroll&quot;:2,&quot;tablet_portrait_breakpoint&quot;:1025,&quot;tablet_portrait_slides_to_scroll&quot;:2,&quot;mobile_breakpoint&quot;:480,&quot;mobile_slides_to_scroll&quot;:1}\" data-variable_width=\"true\" \t>\n\t\t<div\n\t\t\tclass=\"sow-carousel-items\"\n\t\t\t\t\t>\n\t\t\t\t<div class=\"sow-carousel-item\" tabindex=\"-1\" style=\"float: left;\">\n\t\t<div class=\"sow-carousel-thumbnail\">\n\t\t\t\t\t\t\t<a\n\t\t\t\t\thref=\"https:\/\/mmt.ase.ro\/index.php\/2024\/07\/09\/admitere-2024\/\"\n\t\t\t\t\t\t\t\t\t\tstyle=\"background-image: url( https:\/\/mmt.ase.ro\/wp-content\/uploads\/2020\/07\/admMaster-272x182.png )\"\n\t\t\t\t\taria-labelledby=\"sow-carousel-id-155\"\n\t\t\t\t\ttabindex=\"-1\"\n\t\t\t\t>\n\t\t\t\t\t<span class=\"overlay\"><\/span>\n\t\t\t\t<\/a>\n\t\t\t\t\t<\/div>\n\t\t<h3 class=\"sow-carousel-item-title\">\n\t\t\t<a\n\t\t\t\thref=\"https:\/\/mmt.ase.ro\/index.php\/2024\/07\/09\/admitere-2024\/\"\n\t\t\t\tid=\"sow-carousel-id-155\"\n\t\t\t\t\t\t\t\ttabindex=\"-1\"\n\t\t\t>\n\n\t\t\t\tAdmitere 2024\t\t\t<\/a>\n\t\t<\/h3>\n\t<\/div>\n\t<div class=\"sow-carousel-item\" tabindex=\"-1\" style=\"float: left;\">\n\t\t<div class=\"sow-carousel-thumbnail\">\n\t\t\t\t\t\t\t<a\n\t\t\t\t\thref=\"https:\/\/mmt.ase.ro\/index.php\/2019\/06\/13\/admitere-2019\/\"\n\t\t\t\t\t\t\t\t\t\tstyle=\"background-image: url( https:\/\/mmt.ase.ro\/wp-content\/uploads\/2019\/06\/student_PNG169-768x535-272x182.png )\"\n\t\t\t\t\taria-labelledby=\"sow-carousel-id-144\"\n\t\t\t\t\ttabindex=\"-1\"\n\t\t\t\t>\n\t\t\t\t\t<span class=\"overlay\"><\/span>\n\t\t\t\t<\/a>\n\t\t\t\t\t<\/div>\n\t\t<h3 class=\"sow-carousel-item-title\">\n\t\t\t<a\n\t\t\t\thref=\"https:\/\/mmt.ase.ro\/index.php\/2019\/06\/13\/admitere-2019\/\"\n\t\t\t\tid=\"sow-carousel-id-144\"\n\t\t\t\t\t\t\t\ttabindex=\"-1\"\n\t\t\t>\n\n\t\t\t\tAdmitere 2019\t\t\t<\/a>\n\t\t<\/h3>\n\t<\/div>\n\t<div class=\"sow-carousel-item\" tabindex=\"-1\" style=\"float: left;\">\n\t\t<div class=\"sow-carousel-thumbnail\">\n\t\t\t\t\t\t\t<a\n\t\t\t\t\thref=\"https:\/\/mmt.ase.ro\/index.php\/2019\/03\/06\/sesiuni-de-instruire-destinate-studentilor-de-la-programele-de-studii-master\/\"\n\t\t\t\t\t\t\t\t\t\tstyle=\"background-image: url( https:\/\/mmt.ase.ro\/wp-content\/uploads\/2019\/03\/sesiuni_instruire_2019_2-272x182.jpg )\"\n\t\t\t\t\taria-labelledby=\"sow-carousel-id-137\"\n\t\t\t\t\ttabindex=\"-1\"\n\t\t\t\t>\n\t\t\t\t\t<span class=\"overlay\"><\/span>\n\t\t\t\t<\/a>\n\t\t\t\t\t<\/div>\n\t\t<h3 class=\"sow-carousel-item-title\">\n\t\t\t<a\n\t\t\t\thref=\"https:\/\/mmt.ase.ro\/index.php\/2019\/03\/06\/sesiuni-de-instruire-destinate-studentilor-de-la-programele-de-studii-master\/\"\n\t\t\t\tid=\"sow-carousel-id-137\"\n\t\t\t\t\t\t\t\ttabindex=\"-1\"\n\t\t\t>\n\n\t\t\t\tSesiuni de instruire destinate studen\u021bilor de la programele de studii Master\t\t\t<\/a>\n\t\t<\/h3>\n\t<\/div>\n\t<div class=\"sow-carousel-item\" tabindex=\"-1\" style=\"float: left;\">\n\t\t<div class=\"sow-carousel-thumbnail\">\n\t\t\t\t\t\t\t<a\n\t\t\t\t\thref=\"https:\/\/mmt.ase.ro\/index.php\/2018\/07\/23\/amadeus-peste-15-ani-de-colaborare-cu-academia-de-studii-economice-ase\/\"\n\t\t\t\t\t\t\t\t\t\tstyle=\"background-image: url( https:\/\/mmt.ase.ro\/wp-content\/uploads\/2018\/07\/amadeus-272x94.gif )\"\n\t\t\t\t\taria-labelledby=\"sow-carousel-id-131\"\n\t\t\t\t\ttabindex=\"-1\"\n\t\t\t\t>\n\t\t\t\t\t<span class=\"overlay\"><\/span>\n\t\t\t\t<\/a>\n\t\t\t\t\t<\/div>\n\t\t<h3 class=\"sow-carousel-item-title\">\n\t\t\t<a\n\t\t\t\thref=\"https:\/\/mmt.ase.ro\/index.php\/2018\/07\/23\/amadeus-peste-15-ani-de-colaborare-cu-academia-de-studii-economice-ase\/\"\n\t\t\t\tid=\"sow-carousel-id-131\"\n\t\t\t\t\t\t\t\ttabindex=\"-1\"\n\t\t\t>\n\n\t\t\t\tAmadeus \u2013 peste 15 ani de colaborare cu Academia de Studii Economice (ASE)\t\t\t<\/a>\n\t\t<\/h3>\n\t<\/div>\n\t<div class=\"sow-carousel-item\" tabindex=\"-1\" style=\"float: left;\">\n\t\t<div class=\"sow-carousel-thumbnail\">\n\t\t\t\t\t\t\t<a\n\t\t\t\t\thref=\"https:\/\/mmt.ase.ro\/index.php\/2018\/07\/18\/admitere-2018\/\"\n\t\t\t\t\t\t\t\t\t\tstyle=\"background-image: url( https:\/\/mmt.ase.ro\/wp-content\/uploads\/2018\/07\/adm_mmt-272x182.jpg )\"\n\t\t\t\t\taria-labelledby=\"sow-carousel-id-90\"\n\t\t\t\t\ttabindex=\"-1\"\n\t\t\t\t>\n\t\t\t\t\t<span class=\"overlay\"><\/span>\n\t\t\t\t<\/a>\n\t\t\t\t\t<\/div>\n\t\t<h3 class=\"sow-carousel-item-title\">\n\t\t\t<a\n\t\t\t\thref=\"https:\/\/mmt.ase.ro\/index.php\/2018\/07\/18\/admitere-2018\/\"\n\t\t\t\tid=\"sow-carousel-id-90\"\n\t\t\t\t\t\t\t\ttabindex=\"-1\"\n\t\t\t>\n\n\t\t\t\tAdmitere 2018\t\t\t<\/a>\n\t\t<\/h3>\n\t<\/div>\n\t\t<\/div>\n\t\t\t<\/div>\n\n\t<\/div>\n\t\t<input type=\"hidden\" name=\"instance_hash\" value=\"c71d7584\"\/>\n\t<\/div>\n<\/div><\/div><\/div><\/div><\/div>","protected":false},"excerpt":{"rendered":"<p>Daca doresti sa te informezi despre admiterea la masterat\u00a02018 apasa aici<\/p>\n","protected":false},"author":1,"featured_media":0,"parent":0,"menu_order":0,"comment_status":"closed","ping_status":"closed","template":"","meta":{"footnotes":""},"class_list":["post-66","page","type-page","status-publish","hentry"],"_links":{"self":[{"href":"https:\/\/mmt.ase.ro\/index.php\/wp-json\/wp\/v2\/pages\/66","targetHints":{"allow":["GET"]}}],"collection":[{"href":"https:\/\/mmt.ase.ro\/index.php\/wp-json\/wp\/v2\/pages"}],"about":[{"href":"https:\/\/mmt.ase.ro\/index.php\/wp-json\/wp\/v2\/types\/page"}],"author":[{"embeddable":true,"href":"https:\/\/mmt.ase.ro\/index.php\/wp-json\/wp\/v2\/users\/1"}],"replies":[{"embeddable":true,"href":"https:\/\/mmt.ase.ro\/index.php\/wp-json\/wp\/v2\/comments?post=66"}],"version-history":[{"count":21,"href":"https:\/\/mmt.ase.ro\/index.php\/wp-json\/wp\/v2\/pages\/66\/revisions"}],"predecessor-version":[{"id":204,"href":"https:\/\/mmt.ase.ro\/index.php\/wp-json\/wp\/v2\/pages\/66\/revisions\/204"}],"wp:attachment":[{"href":"https:\/\/mmt.ase.ro\/index.php\/wp-json\/wp\/v2\/media?parent=66"}],"curies":[{"name":"wp","href":"https:\/\/api.w.org\/{rel}","templated":true}]}}