{"id":35,"date":"2018-07-18T09:53:30","date_gmt":"2018-07-18T09:53:30","guid":{"rendered":"http:\/\/mmt.ase.ro\/?page_id=35"},"modified":"2025-01-20T11:30:28","modified_gmt":"2025-01-20T11:30:28","slug":"admitere","status":"publish","type":"page","link":"https:\/\/mmt.ase.ro\/index.php\/admitere\/","title":{"rendered":"Admitere"},"content":{"rendered":"<div id=\"pl-35\"  class=\"panel-layout\" ><div id=\"pg-35-0\"  class=\"panel-grid panel-no-style\" ><div id=\"pgc-35-0-0\"  class=\"panel-grid-cell\" ><div id=\"panel-35-0-0-0\" class=\"so-panel widget widget_sow-editor panel-first-child panel-last-child\" data-index=\"0\" ><div\n\t\t\t\n\t\t\tclass=\"so-widget-sow-editor so-widget-sow-editor-base\"\n\t\t\t\n\t\t><h3 class=\"widget-title\">Admitere 2025<\/h3>\n<div class=\"siteorigin-widget-tinymce textwidget\">\n\t<h5><img decoding=\"async\" src=\"http:\/\/mmt.ase.ro\/wp-content\/uploads\/2019\/06\/student_PNG169-768x535.png\" \/><\/p>\n<p>Anul acesta, examenul pentru admiterea la Masterat se organizeaz\u0103 cu prezen\u021b\u0103 fizic\u0103 \u00een s\u0103lile ASE.<br \/>\nConsult\u0103\u00a0<a href=\"https:\/\/ase.ro\/admitere\/masterat\/\" target=\"_blank\" rel=\"noopener\">aici<\/a>\u00a0mai multe detalii referitoare la admitere.<\/p>\n<\/h5>\n<h5><\/h5>\n<\/div>\n<\/div><\/div><\/div><\/div><\/div>","protected":false},"excerpt":{"rendered":"<p>Anul acesta, examenul pentru admiterea la Masterat se organizeaz\u0103 cu prezen\u021b\u0103 fizic\u0103 \u00een s\u0103lile ASE. Consult\u0103\u00a0aici\u00a0mai multe detalii referitoare la admitere.<\/p>\n","protected":false},"author":1,"featured_media":0,"parent":0,"menu_order":0,"comment_status":"closed","ping_status":"closed","template":"","meta":{"footnotes":""},"class_list":["post-35","page","type-page","status-publish","hentry"],"_links":{"self":[{"href":"https:\/\/mmt.ase.ro\/index.php\/wp-json\/wp\/v2\/pages\/35","targetHints":{"allow":["GET"]}}],"collection":[{"href":"https:\/\/mmt.ase.ro\/index.php\/wp-json\/wp\/v2\/pages"}],"about":[{"href":"https:\/\/mmt.ase.ro\/index.php\/wp-json\/wp\/v2\/types\/page"}],"author":[{"embeddable":true,"href":"https:\/\/mmt.ase.ro\/index.php\/wp-json\/wp\/v2\/users\/1"}],"replies":[{"embeddable":true,"href":"https:\/\/mmt.ase.ro\/index.php\/wp-json\/wp\/v2\/comments?post=35"}],"version-history":[{"count":14,"href":"https:\/\/mmt.ase.ro\/index.php\/wp-json\/wp\/v2\/pages\/35\/revisions"}],"predecessor-version":[{"id":205,"href":"https:\/\/mmt.ase.ro\/index.php\/wp-json\/wp\/v2\/pages\/35\/revisions\/205"}],"wp:attachment":[{"href":"https:\/\/mmt.ase.ro\/index.php\/wp-json\/wp\/v2\/media?parent=35"}],"curies":[{"name":"wp","href":"https:\/\/api.w.org\/{rel}","templated":true}]}}